{"id":17,"date":"2022-03-31T08:12:13","date_gmt":"2022-03-31T08:12:13","guid":{"rendered":"https:\/\/dahls.net\/bahai\/?page_id=17"},"modified":"2022-04-01T10:25:37","modified_gmt":"2022-04-01T10:25:37","slug":"americas-1966-83","status":"publish","type":"page","link":"https:\/\/dahls.net\/bahai\/americas-1966-83\/","title":{"rendered":"Americas 1966-83"},"content":{"rendered":"<p style=\"text-align: center;font-size:25px;\"><strong>Americas 1966-83<\/strong><\/p>\n<p style=\"text-align: center;\"><em>To view photos as a slide show, click on the thumbnail after allowing the whole page to download.<br \/>\nYou can then browse backwards and forwards. In Windows, Press F11 to view full-screen, and F11 again to exit.<br \/>\nTo return to this screen (with thumbnails), click on the photo or press Esc.<br \/>\nTo download a photo, open the large version in the slide show view. In Windows right-click,<br \/>\nand on a Mac ctrl-click, and then choose the option to download. Photos can be used with attribution.<br \/>\n<\/em><\/p>\n<p>Here are photos from the United States, Latin America and South America that are not included elsewhere.<\/p>\n<p style=\"text-align: center;\">Click to jump to:<br \/>\n<a href=\"#N.C. 1971-72\">N.C. 1971-72<\/a> \/ <a href=\"#Panama 1972-76\">Panama 1972-76<\/a> \/ <a href=\"#N.J. 1972\">N.J. 1972<\/a> \/ <a href=\"#Geyserville 1972\">Geyserville 1972<\/a> \/ <a href=\"#St. Louis 1974\">St. Louis 1974<\/a> \/ <a href=\"#Massachusetts 1974\">Massachusetts 1974<\/a><br \/>\n<a href=\"#The Bahamas 1974\">The Bahamas 1974<\/a> \/ <a href=\"#Massachusetts 1975\">Massachusetts 1975<\/a> \/ <a href=\"#Barbados\">Barbados 1975<\/a> \/ <a href=\"#Guyana\">Guyana 1975<\/a> \/ <a href=\"#Suriname\">Suriname 1975-76<\/a> \/ <a href=\"#Trinidad\">Trinidad 1976<\/a><br \/>\n<a href=\"#Colombia\">Colombia 1976<\/a> \/ <a href=\"#Ecuador\">Ecuador 1976<\/a> \/ <a href=\"#El Salvador\">El Salvador 1976<\/a> \/ <a href=\"#Green Acre\">Green Acre 1978<\/a> \/ <a href=\"#Ecuador 1982\">Ecuador 1982<\/a><\/p>\n<p style=\"text-align: center;\"><strong>Massachusetts and Harvard 1966-70<\/strong><br \/>\nngg_shortcode_0_placeholderMembers and activities of the Bah\u00e1\u2019\u00ed Association at Harvard; and a meeting in Cambridge, Massachusetts, with Hand of the Cause Mr. Samandari in December 1967.<a name=\"N.C. 1971-72\"><\/a><\/p>\n<p style=\"text-align: center;\"><strong>North Carolina 1971-72<\/strong><br \/>\nngg_shortcode_1_placeholderWhile doing my military service requirement in the U.S. Public Health Service in Raleigh, North Carolina, 1971-73, I had a chance to participate in the exciting teaching projects that were taking place in the South at that time.<a name=\"Panama 1972-76\"><\/a><\/p>\n<p style=\"text-align: center;\"><strong>Panama 1972-76<\/strong><br \/>\nngg_shortcode_2_placeholderThe dedication of the Panam\u00e1 House of Worship, April-May 1972; and some photos of the House of Worship taken in January 1976.<a name=\"N.J. 1972\"><\/a><\/p>\n<p style=\"text-align: center;\"><strong>New Jersey 1972<\/strong><br \/>\nngg_shortcode_3_placeholderFriends at a Bah\u00e1\u2019\u00ed conference in Trenton, New Jersey, September-October 1972.<a name=\"Geyserville 1972\"><\/a><\/p>\n<p style=\"text-align: center;\"><strong>Geyserville Bah\u00e1\u2019\u00ed School 1972<\/strong><br \/>\nngg_shortcode_4_placeholderPhotos of the Geyserville Bah\u00e1\u2019\u00ed School in Geyserville, California, taken before the property was sold to make way for a highway. The current Bosch Bah\u00e1\u2019\u00ed School was acquired in its place.<a name=\"St. Louis 1974\"><\/a><\/p>\n<p style=\"text-align: center;\"><strong>St. Louis 1974<\/strong><br \/>\nngg_shortcode_5_placeholderFollowing Greg&#8217;s 1972-73 trip around the world visiting Bah\u00e1\u2019\u00ed communities, he prepared a slide program featuring photos and music from that trip which opened the conference in St. Louis, Missouri, in August 1974. Here are Bah\u00e1\u2019\u00eds arriving at the conference venue.<a name=\"Massachusetts 1974\"><\/a><\/p>\n<p style=\"text-align: center;\"><strong>Massachusetts 1974<\/strong><br \/>\nngg_shortcode_6_placeholderGreg Dahl and Dawn Smith were married in Amherst, Massachusetts, in October 1974, with many of the Bah\u00e1\u2019\u00eds from the area attending. (Naturally, none of these photos were taken by Greg.)<a name=\"The Bahamas 1974\"><\/a><\/p>\n<p style=\"text-align: center;\"><strong>The Bahamas 1974<\/strong><br \/>\nngg_shortcode_7_placeholderGreg joined Mark Sadan and Truitt White on a teaching trip to Nassau in November 1974.<a name=\"Massachusetts 1975\"><\/a><\/p>\n<p style=\"text-align: center;\"><strong>Massachusetts 1975<\/strong><br \/>\nngg_shortcode_8_placeholderGreg and Dawn were living downstairs from Bah\u00edyyih and Mary Nakhjav\u00e1n\u00ed in Florence, Massachusetts. R\u00fah\u00edyyih Kh\u00e1num came to visit in October 1975, along with Bah\u00edyyih&#8217;s mother Violette, her brother Mehran, and her grandmother &#8220;Mamajan&#8221;. They posed in the back yard for photos.<\/p>\n<p style=\"text-align: center;\">* * * * *<\/p>\n<p>Greg and Dawn and their daughter Carrie travelled to the Caribbean and the northern part of South America between 22 December 1975 and 28 January 1976 to record and collect music by Bah\u00e1\u2019\u00eds. The published record album Con Ojos de Fe drawing on this and other sources, and the cassette tape Sing This Melody, can be heard here:<\/p>\n\n <div id=\"wrapperMI_0\" class=\"wrap-mjp nostop \" style=\"float:right; padding:0px 0px 0px 10px; width:360px;\">\n\t<div style=\"display:none;\" class=\"Eabove-mjp\" id=\"Eabove-mjp_0\"><\/div>\n\t <div class=\"subwrap-MI\">\n\t\t <div class=\"jp-innerwrap\">\n\t\t\t <div class=\"innerx\"><\/div>\n\t\t\t <div class=\"innerleft\"><\/div>\n\t\t\t <div class=\"innerright\"><\/div>\n\t\t\t <div class=\"innertab\"><\/div>\n\t\t\t <div class=\"interface-mjp arial-mjp\" style=\"height:33px;\" id=\"interfaceMI_0\">\n\t\t\t\t <div class=\"MI-image Himg left-mjp\" id=\"MI_image_0\" style=\" width:auto; height:33px; overflow:hidden;\"><\/div>\n\t\t\t\t <div id=\"T_mp3j_0\" class=\"player-track-title centre-mjp bold-mjp plain-mjp childNorm-mjp childItalic-mjp\" style=\"left:10px; right:0px;  top:6px;\"><\/div>\n\t\t\t\t <div class=\"bars_holder\">\n\t\t\t\t\t <div class=\"loadMI_mp3j\" id=\"load_mp3j_0\"><\/div>\n\t\t\t\t\t <div class=\"poscolMI_mp3j soften-mjp\" id=\"poscol_mp3j_0\"><\/div>\n\t\t\t\t\t <div class=\"posbarMI_mp3j\" id=\"posbar_mp3j_0\"><\/div>\n\t\t\t\t <\/div>\n\t\t\t\t <div id=\"P-Time-MI_0\" class=\"jp-play-time\"><\/div>\n\t\t\t\t <div id=\"T-Time-MI_0\" class=\"jp-total-time\"><\/div>\n\t\t\t\t <div id=\"statusMI_0\" class=\"statusMI\"><\/div>\n\t\t\t\t <div class=\"transport-MI\"><div class=\"play-mjp\" id=\"playpause_mp3j_0\">Play<\/div><div class=\"stop-mjp\" id=\"stop_mp3j_0\">Stop<\/div><div class=\"next-mjp\" id=\"Next_mp3j_0\">Next&raquo;<\/div><div class=\"prev-mjp\" id=\"Prev_mp3j_0\">&laquo;Prev<\/div><\/div>\n\t\t\t\t <div class=\"buttons-wrap-mjp\" id=\"buttons-wrap-mjp_0\">\n\t\t\t\t\t <div class=\"playlist-toggle-MI\" id=\"playlist-toggle_0\">SHOW PLAYLIST<\/div>\n\t\t\t\t\t <div class=\"mp3j-popout-MI\" id=\"lpp_mp3j_0\" style=\"\"><\/div>\n\t\t\t\t\t <div id=\"download_mp3j_0\" class=\"dloadmp3-MI\"><\/div>\n\t\t\t\t <\/div>\n\t\t\t <\/div>\n\t\t\t <div class=\"mjp-volwrap\">\n\t\t\t\t <div class=\"MIsliderVolume\" id=\"vol_mp3j_0\"><\/div>\n\t\t\t\t <div class=\"innerExt1\" id=\"innerExt1_0\"><\/div>\n\t\t\t\t <div class=\"innerExt2\" id=\"innerExt2_0\"><\/div>\n\t\t\t <\/div>\n\t\t <\/div>\n\t\t <div style=\"display:none;\" class=\"Ebetween-mjp\" id=\"Ebetween-mjp_0\"><\/div>\n\t\t <div class=\"listwrap_mp3j\" id=\"L_mp3j_0\" style=\"overflow:auto; max-height:200px;\"><div class=\"wrapper-mjp\"><div class=\"playlist-colour\"><\/div><div class=\"wrapper-mjp\"><ul class=\"ul-mjp arial-mjp childNorm-mjp childPlain-mjp left-mjp\" id=\"UL_mp3j_0\"><li><\/li><\/ul><\/div><\/div><\/div>\n\t <\/div>\n\t <div id=\"mp3j_finfo_0\" class=\"mp3j-finfo\" style=\"display:none;\"><div class=\"mp3j-finfo-sleeve\"><div id=\"mp3j_finfo_gif_0\" class=\"mp3j-finfo-gif\"><\/div><div id=\"mp3j_finfo_txt_0\" class=\"mp3j-finfo-txt\"><\/div><div class=\"mp3j-finfo-close\" id=\"mp3j_finfo_close_0\">X<\/div><\/div><\/div><div id=\"mp3j_dlf_0\" class=\"mp3j-dlframe\" style=\"display:none;\"><\/div>\n\t <div class=\"mp3j-nosolution\" id=\"mp3j_nosolution_0\" style=\"display:none;\"><\/div>\n\t <div style=\"display:none;\" class=\"Ebelow-mjp\" id=\"Ebelow-mjp_0\"><\/div>\n <\/div> \n<script>\nMP3jPLAYLISTS.MI_0 = [\n\t{ name: \"01-Turista-de-la-Tierra-(Argentina)\", formats: [\"mp3\"], mp3: \"aHR0cHM6Ly9kYWhscy5uZXQvYmFoYWkvYXVkaW8vY29uLW9qb3MtZGUtZmUvMDEtVHVyaXN0YS1kZS1sYS1UaWVycmEtKEFyZ2VudGluYSkubXAz\", counterpart:\"\", artist: \"\", image: \"true\", imgurl: \"\" },\n\t{ name: \"02-Bendito-es-el-Sitio-(Argentina)\", formats: [\"mp3\"], mp3: \"aHR0cHM6Ly9kYWhscy5uZXQvYmFoYWkvYXVkaW8vY29uLW9qb3MtZGUtZmUvMDItQmVuZGl0by1lcy1lbC1TaXRpby0oQXJnZW50aW5hKS5tcDM=\", counterpart:\"\", artist: \"\", image: \"true\", imgurl: \"\" },\n\t{ name: \"03-Una-Vez-un-Amigo-(Argentina)\", formats: [\"mp3\"], mp3: \"aHR0cHM6Ly9kYWhscy5uZXQvYmFoYWkvYXVkaW8vY29uLW9qb3MtZGUtZmUvMDMtVW5hLVZlei11bi1BbWlnby0oQXJnZW50aW5hKS5tcDM=\", counterpart:\"\", artist: \"\", image: \"true\", imgurl: \"\" },\n\t{ name: \"04-Historia-de-un-Vallenato-(Colombia)\", formats: [\"mp3\"], mp3: \"aHR0cHM6Ly9kYWhscy5uZXQvYmFoYWkvYXVkaW8vY29uLW9qb3MtZGUtZmUvMDQtSGlzdG9yaWEtZGUtdW4tVmFsbGVuYXRvLShDb2xvbWJpYSkubXAz\", counterpart:\"\", artist: \"\", image: \"true\", imgurl: \"\" },\n\t{ name: \"05-No-No-No-(Colombia)\", formats: [\"mp3\"], mp3: \"aHR0cHM6Ly9kYWhscy5uZXQvYmFoYWkvYXVkaW8vY29uLW9qb3MtZGUtZmUvMDUtTm8tTm8tTm8tKENvbG9tYmlhKS5tcDM=\", counterpart:\"\", artist: \"\", image: \"true\", imgurl: \"\" },\n\t{ name: \"06-La-Veracidad-(Colombia)\", formats: [\"mp3\"], mp3: \"aHR0cHM6Ly9kYWhscy5uZXQvYmFoYWkvYXVkaW8vY29uLW9qb3MtZGUtZmUvMDYtTGEtVmVyYWNpZGFkLShDb2xvbWJpYSkubXAz\", counterpart:\"\", artist: \"\", image: \"true\", imgurl: \"\" },\n\t{ name: \"07-La-Unica-Esperanza-(El-Salvador)\", formats: [\"mp3\"], mp3: \"aHR0cHM6Ly9kYWhscy5uZXQvYmFoYWkvYXVkaW8vY29uLW9qb3MtZGUtZmUvMDctTGEtVW5pY2EtRXNwZXJhbnphLShFbC1TYWx2YWRvcikubXAz\", counterpart:\"\", artist: \"\", image: \"true\", imgurl: \"\" },\n\t{ name: \"08-Ser-Bah\u00e1\u2019\u00ed-(El-Salvador)\", formats: [\"mp3\"], mp3: \"aHR0cHM6Ly9kYWhscy5uZXQvYmFoYWkvYXVkaW8vY29uLW9qb3MtZGUtZmUvMDgtU2VyLUJhaMOh4oCZw60tKEVsLVNhbHZhZG9yKS5tcDM=\", counterpart:\"\", artist: \"\", image: \"true\", imgurl: \"\" },\n\t{ name: \"09-\u00d1uca-Juyashca-B\u00e1b-(Ecuador)\", formats: [\"mp3\"], mp3: \"aHR0cHM6Ly9kYWhscy5uZXQvYmFoYWkvYXVkaW8vY29uLW9qb3MtZGUtZmUvMDktw5F1Y2EtSnV5YXNoY2EtQsOhYi0oRWN1YWRvcikubXAz\", counterpart:\"\", artist: \"\", image: \"true\", imgurl: \"\" },\n\t{ name: \"10-Jacu-Jacu-(Ecuador)\", formats: [\"mp3\"], mp3: \"aHR0cHM6Ly9kYWhscy5uZXQvYmFoYWkvYXVkaW8vY29uLW9qb3MtZGUtZmUvMTAtSmFjdS1KYWN1LShFY3VhZG9yKS5tcDM=\", counterpart:\"\", artist: \"\", image: \"true\", imgurl: \"\" },\n\t{ name: \"11-Pacarina-Huraspi-(Ecuador)\", formats: [\"mp3\"], mp3: \"aHR0cHM6Ly9kYWhscy5uZXQvYmFoYWkvYXVkaW8vY29uLW9qb3MtZGUtZmUvMTEtUGFjYXJpbmEtSHVyYXNwaS0oRWN1YWRvcikubXAz\", counterpart:\"\", artist: \"\", image: \"true\", imgurl: \"\" },\n\t{ name: \"12-Caminando-Juntos-(Chile)\", formats: [\"mp3\"], mp3: \"aHR0cHM6Ly9kYWhscy5uZXQvYmFoYWkvYXVkaW8vY29uLW9qb3MtZGUtZmUvMTItQ2FtaW5hbmRvLUp1bnRvcy0oQ2hpbGUpLm1wMw==\", counterpart:\"\", artist: \"\", image: \"true\", imgurl: \"\" },\n\t{ name: \"13-Luz-y-Risa-(Chile)\", formats: [\"mp3\"], mp3: \"aHR0cHM6Ly9kYWhscy5uZXQvYmFoYWkvYXVkaW8vY29uLW9qb3MtZGUtZmUvMTMtTHV6LXktUmlzYS0oQ2hpbGUpLm1wMw==\", counterpart:\"\", artist: \"\", image: \"true\", imgurl: \"\" },\n\t{ name: \"14-J\u00fantanos-Todos-en-Unidad-(Chile)\", formats: [\"mp3\"], mp3: \"aHR0cHM6Ly9kYWhscy5uZXQvYmFoYWkvYXVkaW8vY29uLW9qb3MtZGUtZmUvMTQtSsO6bnRhbm9zLVRvZG9zLWVuLVVuaWRhZC0oQ2hpbGUpLm1wMw==\", counterpart:\"\", artist: \"\", image: \"true\", imgurl: \"\" },\n\t{ name: \"15-Mi-Dios-Est\u00e1-Llam\u00e1ndome-(Chile)\", formats: [\"mp3\"], mp3: \"aHR0cHM6Ly9kYWhscy5uZXQvYmFoYWkvYXVkaW8vY29uLW9qb3MtZGUtZmUvMTUtTWktRGlvcy1Fc3TDoS1MbGFtw6FuZG9tZS0oQ2hpbGUpLm1wMw==\", counterpart:\"\", artist: \"\", image: \"true\", imgurl: \"\" },\n\t{ name: \"16-Si-Lo-Quieres-(El-Salvador)\", formats: [\"mp3\"], mp3: \"aHR0cHM6Ly9kYWhscy5uZXQvYmFoYWkvYXVkaW8vY29uLW9qb3MtZGUtZmUvMTYtU2ktTG8tUXVpZXJlcy0oRWwtU2FsdmFkb3IpLm1wMw==\", counterpart:\"\", artist: \"\", image: \"true\", imgurl: \"\" },\n\t{ name: \"17-Canci\u00f3n-de-Cuna-(Ecuador)\", formats: [\"mp3\"], mp3: \"aHR0cHM6Ly9kYWhscy5uZXQvYmFoYWkvYXVkaW8vY29uLW9qb3MtZGUtZmUvMTctQ2FuY2nDs24tZGUtQ3VuYS0oRWN1YWRvcikubXAz\", counterpart:\"\", artist: \"\", image: \"true\", imgurl: \"\" },\n\t{ name: \"18-Con-Ojos-de-Fe-(Colombia)\", formats: [\"mp3\"], mp3: \"aHR0cHM6Ly9kYWhscy5uZXQvYmFoYWkvYXVkaW8vY29uLW9qb3MtZGUtZmUvMTgtQ29uLU9qb3MtZGUtRmUtKENvbG9tYmlhKS5tcDM=\", counterpart:\"\", artist: \"\", image: \"true\", imgurl: \"\" },\n\t{ name: \"19-Despierta-de-Tu-Sue\u00f1o-(Colombia)\", formats: [\"mp3\"], mp3: \"aHR0cHM6Ly9kYWhscy5uZXQvYmFoYWkvYXVkaW8vY29uLW9qb3MtZGUtZmUvMTktRGVzcGllcnRhLWRlLVR1LVN1ZcOxby0oQ29sb21iaWEpLm1wMw==\", counterpart:\"\", artist: \"\", image: \"true\", imgurl: \"\" },\n\t{ name: \"20-Plan-de-Cinco-A\u00f1os-(Colombia)\", formats: [\"mp3\"], mp3: \"aHR0cHM6Ly9kYWhscy5uZXQvYmFoYWkvYXVkaW8vY29uLW9qb3MtZGUtZmUvMjAtUGxhbi1kZS1DaW5jby1Bw7Fvcy0oQ29sb21iaWEpLm1wMw==\", counterpart:\"\", artist: \"\", image: \"true\", imgurl: \"\" }\n];\n<\/script>\n\n<script>MP3jPLAYERS[0] = { list:MP3jPLAYLISTS.MI_0, tr:0, type:'MI', lstate:false, loop:false, play_txt:'Play', pause_txt:'Pause', pp_title:'Bah\u00e1\u2019\u00ed World Community', autoplay:false, download:true, vol:60, height:33, cssclass:'nostop ', popout_css:{ enabled:true, \t\t\tcolours: [\"#f0f0f0\", \"rgba(86, 116, 232, 0.65)\", \"rgba(167, 167, 167, 0.55)\", \"rgba(49, 49, 49, 0.64)\", \"rgba(0, 180, 37, 0.91)\", \"#d3d3d3\", \"#d8d8d8\", \"#3d3232\", \"#262120\", \"#262120\", \"#11912b\", \"\/\", 400, 600 ],\n\t\t\tcssInterface: { \"color\": \"#3d3232\" },\n\t\t\tcssTitle: { \"left\": \"10px\", \"right\":\"0px\", \"top\":\"6px\" },\n\t\t\tcssImage: { \"overflow\": \"hidden\", \"width\":\"auto\", \"height\":\"33px\"  },\n\t\t\tcssFontSize: { \"title\": \"13px\", \"caption\": \"9.1px\", \"list\": \"12px\" },\n\t\t\tclasses: { interface:' arial-mjp', title:' centre-mjp bold-mjp plain-mjp childNorm-mjp childItalic-mjp', image:' Himg left-mjp', poscol:' soften-mjp', ul:' arial-mjp childNorm-mjp childPlain-mjp left-mjp' }} };<\/script>\n\n\n<p><strong>Con Ojos de Fe (With Eyes of Faith) <\/strong>(record album 1976) 53.09<br \/>\n<a href=\"con-ojos-de-fe\/Con-Ojos-de-Fe.zip\">All tracks (66MB) <\/a>(See under the Music tab for details.)<br \/>\n&nbsp;<br \/>\n\n <div id=\"wrapperMI_1\" class=\"wrap-mjp nostop \" style=\"float:right; padding:0px 0px 0px 10px; width:360px;\">\n\t<div style=\"display:none;\" class=\"Eabove-mjp\" id=\"Eabove-mjp_1\"><\/div>\n\t <div class=\"subwrap-MI\">\n\t\t <div class=\"jp-innerwrap\">\n\t\t\t <div class=\"innerx\"><\/div>\n\t\t\t <div class=\"innerleft\"><\/div>\n\t\t\t <div class=\"innerright\"><\/div>\n\t\t\t <div class=\"innertab\"><\/div>\n\t\t\t <div class=\"interface-mjp arial-mjp\" style=\"height:33px;\" id=\"interfaceMI_1\">\n\t\t\t\t <div class=\"MI-image Himg left-mjp\" id=\"MI_image_1\" style=\" width:auto; height:33px; overflow:hidden;\"><\/div>\n\t\t\t\t <div id=\"T_mp3j_1\" class=\"player-track-title centre-mjp bold-mjp plain-mjp childNorm-mjp childItalic-mjp\" style=\"left:10px; right:0px;  top:6px;\"><\/div>\n\t\t\t\t <div class=\"bars_holder\">\n\t\t\t\t\t <div class=\"loadMI_mp3j\" id=\"load_mp3j_1\"><\/div>\n\t\t\t\t\t <div class=\"poscolMI_mp3j soften-mjp\" id=\"poscol_mp3j_1\"><\/div>\n\t\t\t\t\t <div class=\"posbarMI_mp3j\" id=\"posbar_mp3j_1\"><\/div>\n\t\t\t\t <\/div>\n\t\t\t\t <div id=\"P-Time-MI_1\" class=\"jp-play-time\"><\/div>\n\t\t\t\t <div id=\"T-Time-MI_1\" class=\"jp-total-time\"><\/div>\n\t\t\t\t <div id=\"statusMI_1\" class=\"statusMI\"><\/div>\n\t\t\t\t <div class=\"transport-MI\"><div class=\"play-mjp\" id=\"playpause_mp3j_1\">Play<\/div><div class=\"stop-mjp\" id=\"stop_mp3j_1\">Stop<\/div><div class=\"next-mjp\" id=\"Next_mp3j_1\">Next&raquo;<\/div><div class=\"prev-mjp\" id=\"Prev_mp3j_1\">&laquo;Prev<\/div><\/div>\n\t\t\t\t <div class=\"buttons-wrap-mjp\" id=\"buttons-wrap-mjp_1\">\n\t\t\t\t\t <div class=\"playlist-toggle-MI\" id=\"playlist-toggle_1\">SHOW PLAYLIST<\/div>\n\t\t\t\t\t <div class=\"mp3j-popout-MI\" id=\"lpp_mp3j_1\" style=\"\"><\/div>\n\t\t\t\t\t <div id=\"download_mp3j_1\" class=\"dloadmp3-MI\"><\/div>\n\t\t\t\t <\/div>\n\t\t\t <\/div>\n\t\t\t <div class=\"mjp-volwrap\">\n\t\t\t\t <div class=\"MIsliderVolume\" id=\"vol_mp3j_1\"><\/div>\n\t\t\t\t <div class=\"innerExt1\" id=\"innerExt1_1\"><\/div>\n\t\t\t\t <div class=\"innerExt2\" id=\"innerExt2_1\"><\/div>\n\t\t\t <\/div>\n\t\t <\/div>\n\t\t <div style=\"display:none;\" class=\"Ebetween-mjp\" id=\"Ebetween-mjp_1\"><\/div>\n\t\t <div class=\"listwrap_mp3j\" id=\"L_mp3j_1\" style=\"overflow:auto; max-height:200px;\"><div class=\"wrapper-mjp\"><div class=\"playlist-colour\"><\/div><div class=\"wrapper-mjp\"><ul class=\"ul-mjp arial-mjp childNorm-mjp childPlain-mjp left-mjp\" id=\"UL_mp3j_1\"><li><\/li><\/ul><\/div><\/div><\/div>\n\t <\/div>\n\t <div id=\"mp3j_finfo_1\" class=\"mp3j-finfo\" style=\"display:none;\"><div class=\"mp3j-finfo-sleeve\"><div id=\"mp3j_finfo_gif_1\" class=\"mp3j-finfo-gif\"><\/div><div id=\"mp3j_finfo_txt_1\" class=\"mp3j-finfo-txt\"><\/div><div class=\"mp3j-finfo-close\" id=\"mp3j_finfo_close_1\">X<\/div><\/div><\/div><div id=\"mp3j_dlf_1\" class=\"mp3j-dlframe\" style=\"display:none;\"><\/div>\n\t <div class=\"mp3j-nosolution\" id=\"mp3j_nosolution_1\" style=\"display:none;\"><\/div>\n\t <div style=\"display:none;\" class=\"Ebelow-mjp\" id=\"Ebelow-mjp_1\"><\/div>\n <\/div> \n<script>\nMP3jPLAYLISTS.MI_1 = [\n\t{ name: \"01-The-Divine-Sun\", formats: [\"mp3\"], mp3: \"aHR0cHM6Ly9kYWhscy5uZXQvYmFoYWkvYXVkaW8vc2luZy10aGlzLW1lbG9keS8wMS1UaGUtRGl2aW5lLVN1bi5tcDM=\", counterpart:\"\", artist: \"\", image: \"true\", imgurl: \"\" },\n\t{ name: \"02-The-Covenant\", formats: [\"mp3\"], mp3: \"aHR0cHM6Ly9kYWhscy5uZXQvYmFoYWkvYXVkaW8vc2luZy10aGlzLW1lbG9keS8wMi1UaGUtQ292ZW5hbnQubXAz\", counterpart:\"\", artist: \"\", image: \"true\", imgurl: \"\" },\n\t{ name: \"03-El-Baha'i-No-Toma-Alcohol\", formats: [\"mp3\"], mp3: \"aHR0cHM6Ly9kYWhscy5uZXQvYmFoYWkvYXVkaW8vc2luZy10aGlzLW1lbG9keS8wMy1FbC1CYWhhJ2ktTm8tVG9tYS1BbGNvaG9sLm1wMw==\", counterpart:\"\", artist: \"\", image: \"true\", imgurl: \"\" },\n\t{ name: \"04-Tres-Pescados\", formats: [\"mp3\"], mp3: \"aHR0cHM6Ly9kYWhscy5uZXQvYmFoYWkvYXVkaW8vc2luZy10aGlzLW1lbG9keS8wNC1UcmVzLVBlc2NhZG9zLm1wMw==\", counterpart:\"\", artist: \"\", image: \"true\", imgurl: \"\" },\n\t{ name: \"05-Rise-Up-and-Sing\", formats: [\"mp3\"], mp3: \"aHR0cHM6Ly9kYWhscy5uZXQvYmFoYWkvYXVkaW8vc2luZy10aGlzLW1lbG9keS8wNS1SaXNlLVVwLWFuZC1TaW5nLm1wMw==\", counterpart:\"\", artist: \"\", image: \"true\", imgurl: \"\" },\n\t{ name: \"06-In-Japan\", formats: [\"mp3\"], mp3: \"aHR0cHM6Ly9kYWhscy5uZXQvYmFoYWkvYXVkaW8vc2luZy10aGlzLW1lbG9keS8wNi1Jbi1KYXBhbi5tcDM=\", counterpart:\"\", artist: \"\", image: \"true\", imgurl: \"\" },\n\t{ name: \"07-Glory-of-God\", formats: [\"mp3\"], mp3: \"aHR0cHM6Ly9kYWhscy5uZXQvYmFoYWkvYXVkaW8vc2luZy10aGlzLW1lbG9keS8wNy1HbG9yeS1vZi1Hb2QubXAz\", counterpart:\"\", artist: \"\", image: \"true\", imgurl: \"\" },\n\t{ name: \"08-Children's-Prayer\", formats: [\"mp3\"], mp3: \"aHR0cHM6Ly9kYWhscy5uZXQvYmFoYWkvYXVkaW8vc2luZy10aGlzLW1lbG9keS8wOC1DaGlsZHJlbidzLVByYXllci5tcDM=\", counterpart:\"\", artist: \"\", image: \"true\", imgurl: \"\" },\n\t{ name: \"09-Servant-of-Mankind\", formats: [\"mp3\"], mp3: \"aHR0cHM6Ly9kYWhscy5uZXQvYmFoYWkvYXVkaW8vc2luZy10aGlzLW1lbG9keS8wOS1TZXJ2YW50LW9mLU1hbmtpbmQubXAz\", counterpart:\"\", artist: \"\", image: \"true\", imgurl: \"\" },\n\t{ name: \"10-Cancion-de-Cuna\", formats: [\"mp3\"], mp3: \"aHR0cHM6Ly9kYWhscy5uZXQvYmFoYWkvYXVkaW8vc2luZy10aGlzLW1lbG9keS8xMC1DYW5jaW9uLWRlLUN1bmEubXAz\", counterpart:\"\", artist: \"\", image: \"true\", imgurl: \"\" },\n\t{ name: \"11-La-Veracidad\", formats: [\"mp3\"], mp3: \"aHR0cHM6Ly9kYWhscy5uZXQvYmFoYWkvYXVkaW8vc2luZy10aGlzLW1lbG9keS8xMS1MYS1WZXJhY2lkYWQubXAz\", counterpart:\"\", artist: \"\", image: \"true\", imgurl: \"\" },\n\t{ name: \"12-El-Tren-de-la-Educacion\", formats: [\"mp3\"], mp3: \"aHR0cHM6Ly9kYWhscy5uZXQvYmFoYWkvYXVkaW8vc2luZy10aGlzLW1lbG9keS8xMi1FbC1UcmVuLWRlLWxhLUVkdWNhY2lvbi5tcDM=\", counterpart:\"\", artist: \"\", image: \"true\", imgurl: \"\" },\n\t{ name: \"13-Talking-Blues\", formats: [\"mp3\"], mp3: \"aHR0cHM6Ly9kYWhscy5uZXQvYmFoYWkvYXVkaW8vc2luZy10aGlzLW1lbG9keS8xMy1UYWxraW5nLUJsdWVzLm1wMw==\", counterpart:\"\", artist: \"\", image: \"true\", imgurl: \"\" },\n\t{ name: \"14-Good-Neighbors\", formats: [\"mp3\"], mp3: \"aHR0cHM6Ly9kYWhscy5uZXQvYmFoYWkvYXVkaW8vc2luZy10aGlzLW1lbG9keS8xNC1Hb29kLU5laWdoYm9ycy5tcDM=\", counterpart:\"\", artist: \"\", image: \"true\", imgurl: \"\" },\n\t{ name: \"15-Sing-This-Melody\", formats: [\"mp3\"], mp3: \"aHR0cHM6Ly9kYWhscy5uZXQvYmFoYWkvYXVkaW8vc2luZy10aGlzLW1lbG9keS8xNS1TaW5nLVRoaXMtTWVsb2R5Lm1wMw==\", counterpart:\"\", artist: \"\", image: \"true\", imgurl: \"\" },\n\t{ name: \"16-Fund-Song\", formats: [\"mp3\"], mp3: \"aHR0cHM6Ly9kYWhscy5uZXQvYmFoYWkvYXVkaW8vc2luZy10aGlzLW1lbG9keS8xNi1GdW5kLVNvbmcubXAz\", counterpart:\"\", artist: \"\", image: \"true\", imgurl: \"\" },\n\t{ name: \"17-Pesos-y-Centavos\", formats: [\"mp3\"], mp3: \"aHR0cHM6Ly9kYWhscy5uZXQvYmFoYWkvYXVkaW8vc2luZy10aGlzLW1lbG9keS8xNy1QZXNvcy15LUNlbnRhdm9zLm1wMw==\", counterpart:\"\", artist: \"\", image: \"true\", imgurl: \"\" },\n\t{ name: \"18-Siempre-la-Verdad\", formats: [\"mp3\"], mp3: \"aHR0cHM6Ly9kYWhscy5uZXQvYmFoYWkvYXVkaW8vc2luZy10aGlzLW1lbG9keS8xOC1TaWVtcHJlLWxhLVZlcmRhZC5tcDM=\", counterpart:\"\", artist: \"\", image: \"true\", imgurl: \"\" },\n\t{ name: \"19-Venid-Hermanos\", formats: [\"mp3\"], mp3: \"aHR0cHM6Ly9kYWhscy5uZXQvYmFoYWkvYXVkaW8vc2luZy10aGlzLW1lbG9keS8xOS1WZW5pZC1IZXJtYW5vcy5tcDM=\", counterpart:\"\", artist: \"\", image: \"true\", imgurl: \"\" },\n\t{ name: \"20-Shine-Your-Light\", formats: [\"mp3\"], mp3: \"aHR0cHM6Ly9kYWhscy5uZXQvYmFoYWkvYXVkaW8vc2luZy10aGlzLW1lbG9keS8yMC1TaGluZS1Zb3VyLUxpZ2h0Lm1wMw==\", counterpart:\"\", artist: \"\", image: \"true\", imgurl: \"\" },\n\t{ name: \"21-El-Mas-Grande-Nombre\", formats: [\"mp3\"], mp3: \"aHR0cHM6Ly9kYWhscy5uZXQvYmFoYWkvYXVkaW8vc2luZy10aGlzLW1lbG9keS8yMS1FbC1NYXMtR3JhbmRlLU5vbWJyZS5tcDM=\", counterpart:\"\", artist: \"\", image: \"true\", imgurl: \"\" }\n];\n<\/script>\n\n<script>MP3jPLAYERS[1] = { list:MP3jPLAYLISTS.MI_1, tr:0, type:'MI', lstate:false, loop:false, play_txt:'Play', pause_txt:'Pause', pp_title:'Bah\u00e1\u2019\u00ed World Community', autoplay:false, download:true, vol:60, height:33, cssclass:'nostop ', popout_css:{ enabled:true, \t\t\tcolours: [\"#f0f0f0\", \"rgba(86, 116, 232, 0.65)\", \"rgba(167, 167, 167, 0.55)\", \"rgba(49, 49, 49, 0.64)\", \"rgba(0, 180, 37, 0.91)\", \"#d3d3d3\", \"#d8d8d8\", \"#3d3232\", \"#262120\", \"#262120\", \"#11912b\", \"\/\", 400, 600 ],\n\t\t\tcssInterface: { \"color\": \"#3d3232\" },\n\t\t\tcssTitle: { \"left\": \"10px\", \"right\":\"0px\", \"top\":\"6px\" },\n\t\t\tcssImage: { \"overflow\": \"hidden\", \"width\":\"auto\", \"height\":\"33px\"  },\n\t\t\tcssFontSize: { \"title\": \"13px\", \"caption\": \"9.1px\", \"list\": \"12px\" },\n\t\t\tclasses: { interface:' arial-mjp', title:' centre-mjp bold-mjp plain-mjp childNorm-mjp childItalic-mjp', image:' Himg left-mjp', poscol:' soften-mjp', ul:' arial-mjp childNorm-mjp childPlain-mjp left-mjp' }} };<\/script>\n\n<\/p>\n<p><strong>Canta Esa Melod\u00eda \/ Sing This Melody <\/strong><br \/>\n(cassette tape of music for children \u00a9 (P) 1979 Gregory C. Dahl) 41.45<br \/>\n<a href=\"sing-this-melody\/sing-this-melody.zip\">All tracks (76MB)<\/a> (See under the Music tab for details.)<\/p>\n<p style=\"text-align: center;\"><strong>Barbados 1975<\/strong><br \/>\nngg_shortcode_9_placeholderThe first stop on our trip was Barbados.<a name=\"Guyana\"><\/a><\/p>\n<p style=\"text-align: center;\"><strong>Guyana 1975<\/strong><br \/>\nngg_shortcode_10_placeholderIn Guyana, we attended a Bah\u00e1\u2019\u00ed youth camp where Counsellors Leonora Armstrong, Donald Witzel and Peter McLaren were speaking.<a name=\"Suriname\"><\/a><\/p>\n<p style=\"text-align: center;\"><strong>Suriname 1975-76<\/strong><br \/>\nngg_shortcode_11_placeholderIn Suriname, we were briefly in the Capital, Paramaribo, then travelled east to Albina on the border with French Guiana, then returned to the Paramaribo area where a number of meetings were held.<a name=\"Trinidad\"><\/a><\/p>\n<p style=\"text-align: center;\"><strong>Trinidad 1976<\/strong><br \/>\nngg_shortcode_12_placeholder<a name=\"Colombia\"><\/a><\/p>\n<p style=\"text-align: center;\"><strong>Colombia 1976<\/strong><br \/>\nngg_shortcode_13_placeholder<a name=\"Ecuador\"><\/a><\/p>\n<p style=\"text-align: center;\"><strong>Ecuador 1976<\/strong><br \/>\nngg_shortcode_14_placeholder<a name=\"El Salvador\"><\/a><\/p>\n<p style=\"text-align: center;\"><strong>El Salvador 1976<\/strong><br \/>\nngg_shortcode_15_placeholder<a name=\"Green Acre\"><\/a><\/p>\n<p style=\"text-align: center;\"><strong>Green Acre 1978<\/strong><br \/>\nngg_shortcode_16_placeholderIn 1978 I attended a session at the Green Acre Bah\u00e1\u2019\u00ed School in Eliot, Maine, with my son Ian.<a name=\"Ecuador 1982\"><\/a><\/p>\n<p style=\"text-align: center;\"><strong>Quito, Ecuador international conference 1982<\/strong><br \/>\nngg_shortcode_17_placeholderIn 1982 Ian and I attended the International Bah\u00e1\u2019\u00ed Conference for Latin America and the Caribbean in Quito, Ecuador. Before the conference we visited the grave of Hand of the Cause Dr. Moh\u00e1jir and the Bah\u00e1\u2019\u00ed radio station and institute in Otavalo.<\/p>\n","protected":false},"excerpt":{"rendered":"<p>Americas 1966-83 To view photos as a slide show, click on the thumbnail after allowing the whole page to download. You can then browse backwards and forwards. In Windows, Press F11 to view full-screen, and F11 again to exit. To <span class=\"excerpt-dots\">&hellip;<\/span> <a class=\"more-link\" href=\"https:\/\/dahls.net\/bahai\/americas-1966-83\/\"><span class=\"more-msg\">Continue reading &rarr;<\/span><\/a><\/p>\n","protected":false},"author":1,"featured_media":0,"parent":0,"menu_order":0,"comment_status":"closed","ping_status":"closed","template":"","meta":{"nf_dc_page":"","ngg_post_thumbnail":0,"footnotes":""},"class_list":["post-17","page","type-page","status-publish","hentry"],"_links":{"self":[{"href":"https:\/\/dahls.net\/bahai\/wp-json\/wp\/v2\/pages\/17","targetHints":{"allow":["GET"]}}],"collection":[{"href":"https:\/\/dahls.net\/bahai\/wp-json\/wp\/v2\/pages"}],"about":[{"href":"https:\/\/dahls.net\/bahai\/wp-json\/wp\/v2\/types\/page"}],"author":[{"embeddable":true,"href":"https:\/\/dahls.net\/bahai\/wp-json\/wp\/v2\/users\/1"}],"replies":[{"embeddable":true,"href":"https:\/\/dahls.net\/bahai\/wp-json\/wp\/v2\/comments?post=17"}],"version-history":[{"count":4,"href":"https:\/\/dahls.net\/bahai\/wp-json\/wp\/v2\/pages\/17\/revisions"}],"predecessor-version":[{"id":3027,"href":"https:\/\/dahls.net\/bahai\/wp-json\/wp\/v2\/pages\/17\/revisions\/3027"}],"wp:attachment":[{"href":"https:\/\/dahls.net\/bahai\/wp-json\/wp\/v2\/media?parent=17"}],"curies":[{"name":"wp","href":"https:\/\/api.w.org\/{rel}","templated":true}]}}